{"id":5,"date":"2021-09-27T09:16:13","date_gmt":"2021-09-27T09:16:13","guid":{"rendered":"https:\/\/gaeu.bevrd.dz\/?page_id=5"},"modified":"2021-11-17T08:04:08","modified_gmt":"2021-11-17T08:04:08","slug":"create-your-website-with-blocks","status":"publish","type":"page","link":"https:\/\/gaeu.bevrd.dz\/","title":{"rendered":"Accueil"},"content":{"rendered":"\t\t<div data-elementor-type=\"wp-page\" data-elementor-id=\"5\" class=\"elementor elementor-5\" data-elementor-settings=\"[]\">\n\t\t\t\t\t\t<div class=\"elementor-inner\">\n\t\t\t\t\t\t\t<div class=\"elementor-section-wrap\">\n\t\t\t\t\t\t\t<section class=\"elementor-section elementor-top-section elementor-element elementor-element-39feaf8c elementor-section-boxed elementor-section-height-default elementor-section-height-default\" data-id=\"39feaf8c\" data-element_type=\"section\">\n\t\t\t\t\t\t<div class=\"elementor-container elementor-column-gap-default\">\n\t\t\t\t\t\t\t<div class=\"elementor-row\">\n\t\t\t\t\t<div class=\"elementor-column elementor-col-100 elementor-top-column elementor-element elementor-element-5a5a0068\" data-id=\"5a5a0068\" data-element_type=\"column\">\n\t\t\t<div class=\"elementor-column-wrap elementor-element-populated\">\n\t\t\t\t\t\t\t<div class=\"elementor-widget-wrap\">\n\t\t\t\t\t\t<div class=\"elementor-element elementor-element-60cbccc5 elementor-widget elementor-widget-text-editor\" data-id=\"60cbccc5\" data-element_type=\"widget\" data-widget_type=\"text-editor.default\">\n\t\t\t\t<div class=\"elementor-widget-container\">\n\t\t\t\t\t\t\t\t<div class=\"elementor-text-editor elementor-clearfix\">\n\t\t\t\t<h4 dir=\"ltr\"><strong>SARL BEVRD<\/strong>\u00a0est un bureau d&#8217;\u00e9tudes techniques et d&#8217;ing\u00e9nierie sp\u00e9cialis\u00e9 dans le domaine de Travaux publics, cartographie num\u00e9rique et SIG, hydraulique, topographie,\u00a0<span lang=\"fr\">D\u00e9veloppement <\/span>des applications SIG web .<\/h4><h4 dir=\"ltr\">Comptant sur le savoir-faire acquis par son exp\u00e9rience professionnelle, le BEVRD est capable de traiter les projets de la phase initiale (importation de donn\u00e9es de terrain) \u00e0 la phase finale (\u00e9dition graphique et quantitatifs optimis\u00e9s).<\/h4><h4 dir=\"ltr\"><strong>Moyens humains <\/strong>\u00a0: Le BET\u00a0 SARL BEVRD dispose des\u00a0 cadres technique ayant longue exp\u00e9rience professionel\u00a0 dans le domaine .<\/h4><h4 dir=\"ltr\">&#8211; Des ing\u00e9nieurs en Hydraulique, techniciens en\u00a0 topographie, expert en VRD.\u00a0\u00a0<\/h4><h4 dir=\"ltr\">\u00a0-Notre BET\u00a0 dispose d&#8217;une cellule de recherche et d\u00e9veloppement supervis\u00e9e et g\u00e9rer par le directeur\u00a0 \u00a0en raison de son exp\u00e9rience sur le terrain dans le domaine d\u2019hydrauliques et travaux public.<\/h4><h4 dir=\"ltr\">-Le bureau a organis\u00e9 plusieurs conf\u00e9rences et s\u00e9mminaire a l&#8217;universit\u00e9 de Biskra et avec les cadres\u00a0 de\u00a0 secteur\u00a0 d\u2019Hydraulique sur l&#8217;application\u00a0 G\u00e9AEU et son r\u00f4le pour l&#8217;archivage num\u00e9rique des documents techniques pour le secteur des ressources en eau.<\/h4><h4 dir=\"ltr\">Notre mission a \u00e9t\u00e9 cibl\u00e9 sur les recherches et d\u00e9veloppement\u00a0 des applications SIG comme solution d\u2019am\u00e9lioration du fonctionnement des r\u00e9seaux d&#8217;assainissement\u00a0 et la formation de personnel de l\u2019administration alg\u00e9rienne surtout les services techniques des collectivit\u00e9s locale pour moderniser et num\u00e9riser les documents techniques des r\u00e9seaux divers (AEP &#8211; AEU &#8211; ROUTE) afin de maitriser, contr\u00f4ler et\u00a0 de la\u00a0 prise de d\u00e9cision.<\/h4><h4 dir=\"ltr\"><strong>\u00a0D\u00e9veloppement des applications SIG web et Android :<\/strong><\/h4><ul dir=\"ltr\"><li><h4>Gestion des services publics de proximit\u00e9,<\/h4><\/li><li><h4>Adressage et g\u00e9o localisation,<\/h4><\/li><li><h4>Num\u00e9risation des prestations de service public,<\/h4><\/li><\/ul><h4 dir=\"ltr\">\u00a0\u00a0\u00a0<strong>\u00a0<\/strong><strong>Nos services .<\/strong><\/h4><ul dir=\"ltr\"><li><h4>\u00c9tude et diagnostic du r\u00e9seau d\u2019Assainissement .\u00a0<\/h4><\/li><li><h4>Gestion de la base de donn\u00e9es du r\u00e9seau d\u2019AEU \u00e0 l&#8217;aide du syst\u00e8me d&#8217;information g\u00e9ographique.<\/h4><\/li><li><h4>Protection des zones inondables.<\/h4><\/li><li><h4>D\u00e9veloppement des applications\u00a0 SIGWEB .<\/h4><\/li><li><h4>Num\u00e9risation des divers r\u00e9seaux \u00e0 l&#8217;aide du mat\u00e9riel radio d\u00e9tection et la collecte des donn\u00e9es par GPS..<\/h4><\/li><li><h4>Diagnostic et expertise des r\u00e9seaux en exploitant les nouvelles technologie\u00a0 comme la d\u00e9tection\u00a0 des r\u00e9seaux, d\u00e9tection des tompons de regard , cam\u00e9ras d\u2019inspections.<\/h4><\/li><\/ul><h4 dir=\"ltr\" style=\"text-align: left;\"><strong>Projets r\u00e9alises <\/strong><\/h4><h4 dir=\"ltr\" style=\"text-align: left;\">Les \u00e9tudes r\u00e9alis\u00e9es par L\u2019entreprise SARL BEVRD dans le domaine\u00a0 d&#8217;expertise\u00a0 et\u00a0 \u00a0diagnostic du r\u00e9seau D\u2019AEU \u00e0 l&#8217;aide du syst\u00e8me d&#8217;information g\u00e9ographique SIG avec avec l&#8217;installation de l&#8217;application G\u00e9AEU d\u00e9velopp\u00e9 par la bevrd\u00a0 .<\/h4><ul dir=\"ltr\" style=\"text-align: left;\"><li><h4>Conception et \u00e9tablissement \u00a0de la carte num\u00e9rique du r\u00e9seau d\u2019AEU de la ville de Biskra.<\/h4><\/li><li><h4>Conception et \u00e9tablissement de la carte num\u00e9rique du r\u00e9seau d\u2019AEU de la ville d&#8217;ouled djellal\u00a0 ,wilaya de Biskra.<\/h4><\/li><li><h4>Etude d&#8217;expertise et diagnostic du r\u00e9seau\u00a0 d\u2019AEU de la commune\u00a0 de Sidi Okba y compris l&#8217;\u00e9tablissement de la carte num\u00e9rique, wilaya de Biskra.<\/h4><\/li><li><h4>Etude d&#8217;expertise\u00a0\u00a0du r\u00e9seau d\u2019AEU de la\u00a0\u00a0commune\u00a0\u00a0de Ain El-Naga y compris l&#8217;\u00e9tablissement de la carte num\u00e9rique, wilaya de Biskra.<\/h4><\/li><li><h4>Etude d&#8217;expertise\u00a0\u00a0et diagnostic du r\u00e9seau d\u2019AEU de la commune\u00a0\u00a0de Chetma y compris l&#8217;\u00e9tablissement de la carte num\u00e9rique, wilaya de Biskra.<\/h4><\/li><li><h4>Etude d&#8217;expertise\u00a0\u00a0et diagnostic du r\u00e9seau d\u2019AEU de la\u00a0\u00a0commune\u00a0\u00a0d&#8217;El Haouche y compris l&#8217;\u00e9tablissement de la carte num\u00e9rique, wilaya de Biskra<\/h4><\/li><li><h4>Sch\u00e9ma directeur du r\u00e9seau d\u2019AEU de la ville d&#8217;Al-Birine y compris l&#8217;\u00e9tablissement de la carte num\u00e9rique, wilaya Djelfa<\/h4><\/li><li><h4>Conception et \u00e9tablissement de la carte num\u00e9rique du r\u00e9seau d\u2019AEU de la ville d&#8217;El Eulma, wilaya de S\u00e9tif.<\/h4><\/li><\/ul><h4 dir=\"ltr\" style=\"text-align: left;\"><strong>Applications SIG d\u00e9velopp\u00e9es par le BEVRD :<\/strong><\/h4><h4 dir=\"ltr\" style=\"text-align: left;\"><span style=\"color: #0000ff;\"><strong>G\u00e9AEP<\/strong> <\/span>: Num\u00e9risation du r\u00e9seau d\u2019AEP y compris\u00a0 le d\u00e9veloppent d\u2019une application de manipulation\u00a0 de la base de donn\u00e9es textuelle et cartographique.<\/h4><h4 dir=\"ltr\" style=\"text-align: left;\"><strong><span style=\"color: #0000ff;\">G\u00e9AEU<\/span><\/strong>: Num\u00e9risation du r\u00e9seau d\u2019Assainissement y compris le d\u00e9veloppent d\u2019une application de manipulation de la base de donn\u00e9es textuelle et cartographique<\/h4><h4 dir=\"ltr\" style=\"text-align: left;\"><span style=\"color: #0000ff;\"><strong>G\u00e9route<\/strong><\/span>: Num\u00e9risation des donn\u00e9es relatives au r\u00e9seau routier avec l\u2019inventaire des points noirs avec la recherche par point kilom\u00e9trique et plusieurs autres fonctionnalit\u00e9s permettant g\u00e9rer et manipuler\u00a0 la base de donn\u00e9es textuelle et cartographique et analyses avec la possibilit\u00e9 d\u2019insertion de la carte du r\u00e9seau routier dans les GPS GARMIN.<\/h4><h4 dir=\"ltr\" style=\"text-align: left;\"><span style=\"color: #0000ff;\"><strong>G\u00e9Commune<\/strong><\/span>: Num\u00e9risation des donn\u00e9es relatives \u00e0 la nomination des quartiers, rues et lieux publics et la num\u00e9rotation des immeubles par l\u2019utilisation des SIG.\u00a0d&#8217;ouled djellal<\/h4><h4 dir=\"ltr\" style=\"text-align: left;\">\u00a0<\/h4>\t\t\t\t\t<\/div>\n\t\t\t\t\t\t<\/div>\n\t\t\t\t<\/div>\n\t\t\t\t\t\t<\/div>\n\t\t\t\t\t<\/div>\n\t\t<\/div>\n\t\t\t\t\t\t\t\t<\/div>\n\t\t\t\t\t<\/div>\n\t\t<\/section>\n\t\t\t\t<footer class=\"elementor-section elementor-top-section elementor-element elementor-element-2a9ca94 elementor-section-stretched elementor-section-boxed elementor-section-height-default elementor-section-height-default\" data-id=\"2a9ca94\" data-element_type=\"section\" data-settings=\"{&quot;background_background&quot;:&quot;classic&quot;,&quot;stretch_section&quot;:&quot;section-stretched&quot;}\">\n\t\t\t\t\t\t\t<div class=\"elementor-background-overlay\"><\/div>\n\t\t\t\t\t\t\t<div class=\"elementor-container elementor-column-gap-default\">\n\t\t\t\t\t\t\t<div class=\"elementor-row\">\n\t\t\t\t\t<div class=\"elementor-column elementor-col-100 elementor-top-column elementor-element elementor-element-cde6b0d\" data-id=\"cde6b0d\" data-element_type=\"column\">\n\t\t\t<div class=\"elementor-column-wrap elementor-element-populated\">\n\t\t\t\t\t\t\t<div class=\"elementor-widget-wrap\">\n\t\t\t\t\t\t<div class=\"elementor-element elementor-element-21ae0d8 elementor-widget elementor-widget-heading\" data-id=\"21ae0d8\" data-element_type=\"widget\" data-widget_type=\"heading.default\">\n\t\t\t\t<div class=\"elementor-widget-container\">\n\t\t\t<h2 class=\"elementor-heading-title elementor-size-default\"><b>                                                                                        SARL BEVRD BOURAOUI \u00a9 2021          <\/b><\/h2>\t\t<\/div>\n\t\t\t\t<\/div>\n\t\t\t\t\t\t<\/div>\n\t\t\t\t\t<\/div>\n\t\t<\/div>\n\t\t\t\t\t\t\t\t<\/div>\n\t\t\t\t\t<\/div>\n\t\t<\/footer>\n\t\t\t\t\t\t<\/div>\n\t\t\t\t\t\t<\/div>\n\t\t\t\t\t<\/div>\n\t\t","protected":false},"excerpt":{"rendered":"<p>SARL BEVRD\u00a0est un bureau d&#8217;\u00e9tudes techniques et d&#8217;ing\u00e9nierie sp\u00e9cialis\u00e9 dans le domaine de Travaux publics, cartographie num\u00e9rique et SIG, hydraulique, topographie,\u00a0D\u00e9veloppement des applications SIG web . Comptant sur le savoir-faire acquis par son exp\u00e9rience professionnelle, le BEVRD est capable de <a href=\"https:\/\/gaeu.bevrd.dz\/\" class=\"read-more\">Read More &#8230;<\/a><\/p>\n","protected":false},"author":1,"featured_media":0,"parent":0,"menu_order":0,"comment_status":"closed","ping_status":"closed","template":"elementor_header_footer","meta":{"footnotes":""},"class_list":["post-5","page","type-page","status-publish","hentry"],"_links":{"self":[{"href":"https:\/\/gaeu.bevrd.dz\/index.php?rest_route=\/wp\/v2\/pages\/5","targetHints":{"allow":["GET"]}}],"collection":[{"href":"https:\/\/gaeu.bevrd.dz\/index.php?rest_route=\/wp\/v2\/pages"}],"about":[{"href":"https:\/\/gaeu.bevrd.dz\/index.php?rest_route=\/wp\/v2\/types\/page"}],"author":[{"embeddable":true,"href":"https:\/\/gaeu.bevrd.dz\/index.php?rest_route=\/wp\/v2\/users\/1"}],"replies":[{"embeddable":true,"href":"https:\/\/gaeu.bevrd.dz\/index.php?rest_route=%2Fwp%2Fv2%2Fcomments&post=5"}],"version-history":[{"count":72,"href":"https:\/\/gaeu.bevrd.dz\/index.php?rest_route=\/wp\/v2\/pages\/5\/revisions"}],"predecessor-version":[{"id":841,"href":"https:\/\/gaeu.bevrd.dz\/index.php?rest_route=\/wp\/v2\/pages\/5\/revisions\/841"}],"wp:attachment":[{"href":"https:\/\/gaeu.bevrd.dz\/index.php?rest_route=%2Fwp%2Fv2%2Fmedia&parent=5"}],"curies":[{"name":"wp","href":"https:\/\/api.w.org\/{rel}","templated":true}]}}