{"id":136,"date":"2021-09-28T14:28:30","date_gmt":"2021-09-28T14:28:30","guid":{"rendered":"https:\/\/gaeu.bevrd.dz\/?page_id=136"},"modified":"2021-11-17T08:11:38","modified_gmt":"2021-11-17T08:11:38","slug":"apc-chetma","status":"publish","type":"page","link":"https:\/\/gaeu.bevrd.dz\/?page_id=136","title":{"rendered":"APC Chetma"},"content":{"rendered":"\t\t<div data-elementor-type=\"wp-page\" data-elementor-id=\"136\" class=\"elementor elementor-136\" data-elementor-settings=\"[]\">\n\t\t\t\t\t\t<div class=\"elementor-inner\">\n\t\t\t\t\t\t\t<div class=\"elementor-section-wrap\">\n\t\t\t\t\t\t\t<section class=\"elementor-section elementor-top-section elementor-element elementor-element-7ae2260b elementor-section-boxed elementor-section-height-default elementor-section-height-default\" data-id=\"7ae2260b\" data-element_type=\"section\">\n\t\t\t\t\t\t<div class=\"elementor-container elementor-column-gap-default\">\n\t\t\t\t\t\t\t<div class=\"elementor-row\">\n\t\t\t\t\t<div class=\"elementor-column elementor-col-100 elementor-top-column elementor-element elementor-element-1404bdf9\" data-id=\"1404bdf9\" data-element_type=\"column\">\n\t\t\t<div class=\"elementor-column-wrap elementor-element-populated\">\n\t\t\t\t\t\t\t<div class=\"elementor-widget-wrap\">\n\t\t\t\t\t\t<div class=\"elementor-element elementor-element-784eaa49 elementor-widget elementor-widget-text-editor\" data-id=\"784eaa49\" data-element_type=\"widget\" data-widget_type=\"text-editor.default\">\n\t\t\t\t<div class=\"elementor-widget-container\">\n\t\t\t\t\t\t\t\t<div class=\"elementor-text-editor elementor-clearfix\">\n\t\t\t\t<h2 style=\"text-align: center;\"><strong>Etude d\u2019expertise&nbsp;et diagnostic du r\u00e9seau d\u2019AEU de la commune&nbsp;de&nbsp;<\/strong><strong>Chetma<\/strong><strong>&nbsp;, wilaya de Biskra&nbsp;<\/strong><\/h2>\n<h2 style=\"text-align: center;\"><strong>y compris l\u2019\u00e9tablissement de la carte num\u00e9rique<\/strong><\/h2>\n<h2 style=\"text-align: center;\"><strong><span id=\"s2_3\">Par l&#8217;Utilisation du syst\u00e8me d\u2019information g\u00e9ographique SIG<\/span><\/strong><\/h2>\n<p style=\"text-align: center;\"><img loading=\"lazy\" decoding=\"async\" class=\"alignnone wp-image-1844 size-full\" src=\"https:\/\/gaeu.bevrd.dz\/wp-content\/uploads\/2021\/10\/CHETMA.jpg\" alt=\"\" width=\"1787\" height=\"930\"><\/p>\n<p dir=\"ltr\" style=\"text-align: center;\"><span style=\"font-size: 8pt;\"><strong><span style=\"font-family: book-antiqua;\">&nbsp;<\/span><\/strong><\/span><\/p>\t\t\t\t\t<\/div>\n\t\t\t\t\t\t<\/div>\n\t\t\t\t<\/div>\n\t\t\t\t\t\t<\/div>\n\t\t\t\t\t<\/div>\n\t\t<\/div>\n\t\t\t\t\t\t\t\t<\/div>\n\t\t\t\t\t<\/div>\n\t\t<\/section>\n\t\t\t\t<section class=\"elementor-section elementor-top-section elementor-element elementor-element-5a4255c elementor-section-boxed elementor-section-height-default elementor-section-height-default\" data-id=\"5a4255c\" data-element_type=\"section\" data-settings=\"{&quot;background_background&quot;:&quot;classic&quot;}\">\n\t\t\t\t\t\t<div class=\"elementor-container elementor-column-gap-default\">\n\t\t\t\t\t\t\t<div class=\"elementor-row\">\n\t\t\t\t\t<div class=\"elementor-column elementor-col-100 elementor-top-column elementor-element elementor-element-5b2b76f\" data-id=\"5b2b76f\" data-element_type=\"column\">\n\t\t\t<div class=\"elementor-column-wrap elementor-element-populated\">\n\t\t\t\t\t\t\t<div class=\"elementor-widget-wrap\">\n\t\t\t\t\t\t<div class=\"elementor-element elementor-element-cbbeed9 elementor-widget elementor-widget-heading\" data-id=\"cbbeed9\" data-element_type=\"widget\" data-widget_type=\"heading.default\">\n\t\t\t\t<div class=\"elementor-widget-container\">\n\t\t\t<h2 class=\"elementor-heading-title elementor-size-default\">SARL BEVRD BOURAOUI \u00a9 2021\u200b<\/h2>\t\t<\/div>\n\t\t\t\t<\/div>\n\t\t\t\t\t\t<\/div>\n\t\t\t\t\t<\/div>\n\t\t<\/div>\n\t\t\t\t\t\t\t\t<\/div>\n\t\t\t\t\t<\/div>\n\t\t<\/section>\n\t\t\t\t\t\t<\/div>\n\t\t\t\t\t\t<\/div>\n\t\t\t\t\t<\/div>\n\t\t","protected":false},"excerpt":{"rendered":"<p>Etude d\u2019expertise&nbsp;et diagnostic du r\u00e9seau d\u2019AEU de la commune&nbsp;de&nbsp;Chetma&nbsp;, wilaya de Biskra&nbsp; y compris l\u2019\u00e9tablissement de la carte num\u00e9rique Par l&#8217;Utilisation du syst\u00e8me d\u2019information g\u00e9ographique SIG &nbsp; SARL BEVRD BOURAOUI \u00a9 2021\u200b<\/p>\n","protected":false},"author":1,"featured_media":0,"parent":0,"menu_order":0,"comment_status":"closed","ping_status":"closed","template":"","meta":{"footnotes":""},"class_list":["post-136","page","type-page","status-publish","hentry"],"_links":{"self":[{"href":"https:\/\/gaeu.bevrd.dz\/index.php?rest_route=\/wp\/v2\/pages\/136","targetHints":{"allow":["GET"]}}],"collection":[{"href":"https:\/\/gaeu.bevrd.dz\/index.php?rest_route=\/wp\/v2\/pages"}],"about":[{"href":"https:\/\/gaeu.bevrd.dz\/index.php?rest_route=\/wp\/v2\/types\/page"}],"author":[{"embeddable":true,"href":"https:\/\/gaeu.bevrd.dz\/index.php?rest_route=\/wp\/v2\/users\/1"}],"replies":[{"embeddable":true,"href":"https:\/\/gaeu.bevrd.dz\/index.php?rest_route=%2Fwp%2Fv2%2Fcomments&post=136"}],"version-history":[{"count":9,"href":"https:\/\/gaeu.bevrd.dz\/index.php?rest_route=\/wp\/v2\/pages\/136\/revisions"}],"predecessor-version":[{"id":850,"href":"https:\/\/gaeu.bevrd.dz\/index.php?rest_route=\/wp\/v2\/pages\/136\/revisions\/850"}],"wp:attachment":[{"href":"https:\/\/gaeu.bevrd.dz\/index.php?rest_route=%2Fwp%2Fv2%2Fmedia&parent=136"}],"curies":[{"name":"wp","href":"https:\/\/api.w.org\/{rel}","templated":true}]}}