{"id":110,"date":"2021-09-28T14:21:00","date_gmt":"2021-09-28T14:21:00","guid":{"rendered":"https:\/\/gaeu.bevrd.dz\/?page_id=110"},"modified":"2021-11-17T08:41:26","modified_gmt":"2021-11-17T08:41:26","slug":"commune-de-ain-naga","status":"publish","type":"page","link":"https:\/\/gaeu.bevrd.dz\/?page_id=110","title":{"rendered":"APC Ain Naga"},"content":{"rendered":"\t\t<div data-elementor-type=\"wp-page\" data-elementor-id=\"110\" class=\"elementor elementor-110\" data-elementor-settings=\"[]\">\n\t\t\t\t\t\t<div class=\"elementor-inner\">\n\t\t\t\t\t\t\t<div class=\"elementor-section-wrap\">\n\t\t\t\t\t\t\t<section class=\"elementor-section elementor-top-section elementor-element elementor-element-45b465b7 elementor-section-boxed elementor-section-height-default elementor-section-height-default\" data-id=\"45b465b7\" data-element_type=\"section\">\n\t\t\t\t\t\t<div class=\"elementor-container elementor-column-gap-default\">\n\t\t\t\t\t\t\t<div class=\"elementor-row\">\n\t\t\t\t\t<div class=\"elementor-column elementor-col-100 elementor-top-column elementor-element elementor-element-1e77ffa4\" data-id=\"1e77ffa4\" data-element_type=\"column\">\n\t\t\t<div class=\"elementor-column-wrap elementor-element-populated\">\n\t\t\t\t\t\t\t<div class=\"elementor-widget-wrap\">\n\t\t\t\t\t\t<div class=\"elementor-element elementor-element-41b854f7 elementor-widget elementor-widget-text-editor\" data-id=\"41b854f7\" data-element_type=\"widget\" data-widget_type=\"text-editor.default\">\n\t\t\t\t<div class=\"elementor-widget-container\">\n\t\t\t\t\t\t\t\t<div class=\"elementor-text-editor elementor-clearfix\">\n\t\t\t\t<h2 style=\"text-align: center;\"><strong>Etude d\u2019expertise et diagnostic du r\u00e9seau d\u2019AEU de la commune de Ain El-Naga wilaya de Biskra<\/strong><\/h2><h2 style=\"text-align: center;\"><strong><span id=\"s2_3\">y compris l\u2019\u00e9tablissement de la carte num\u00e9rique<\/span><\/strong><\/h2><h2 style=\"text-align: center;\"><strong>Par l&#8217;Utilisation du syst\u00e8me d\u2019information g\u00e9ographique SIG<\/strong><\/h2><h2 style=\"text-align: center;\"><img loading=\"lazy\" decoding=\"async\" class=\"alignnone wp-image-1859 size-full\" src=\"https:\/\/gaeu.bevrd.dz\/wp-content\/uploads\/2021\/10\/AIN-NAGA.jpg\" alt=\"\" width=\"2423\" height=\"1405\" \/><\/h2>\t\t\t\t\t<\/div>\n\t\t\t\t\t\t<\/div>\n\t\t\t\t<\/div>\n\t\t\t\t\t\t<\/div>\n\t\t\t\t\t<\/div>\n\t\t<\/div>\n\t\t\t\t\t\t\t\t<\/div>\n\t\t\t\t\t<\/div>\n\t\t<\/section>\n\t\t\t\t<section class=\"elementor-section elementor-top-section elementor-element elementor-element-cdf2258 elementor-section-boxed elementor-section-height-default elementor-section-height-default\" data-id=\"cdf2258\" data-element_type=\"section\" data-settings=\"{&quot;background_background&quot;:&quot;classic&quot;}\">\n\t\t\t\t\t\t<div class=\"elementor-container elementor-column-gap-default\">\n\t\t\t\t\t\t\t<div class=\"elementor-row\">\n\t\t\t\t\t<div class=\"elementor-column elementor-col-100 elementor-top-column elementor-element elementor-element-c3fd526\" data-id=\"c3fd526\" data-element_type=\"column\">\n\t\t\t<div class=\"elementor-column-wrap elementor-element-populated\">\n\t\t\t\t\t\t\t<div class=\"elementor-widget-wrap\">\n\t\t\t\t\t\t<div class=\"elementor-element elementor-element-3cd48e6 elementor-widget elementor-widget-heading\" data-id=\"3cd48e6\" data-element_type=\"widget\" data-widget_type=\"heading.default\">\n\t\t\t\t<div class=\"elementor-widget-container\">\n\t\t\t<h2 class=\"elementor-heading-title elementor-size-default\">SARL BEVRD BOURAOUI \u00a9 2021\u200b\u200b<\/h2>\t\t<\/div>\n\t\t\t\t<\/div>\n\t\t\t\t\t\t<\/div>\n\t\t\t\t\t<\/div>\n\t\t<\/div>\n\t\t\t\t\t\t\t\t<\/div>\n\t\t\t\t\t<\/div>\n\t\t<\/section>\n\t\t\t\t\t\t<\/div>\n\t\t\t\t\t\t<\/div>\n\t\t\t\t\t<\/div>\n\t\t","protected":false},"excerpt":{"rendered":"<p>Etude d\u2019expertise et diagnostic du r\u00e9seau d\u2019AEU de la commune de Ain El-Naga wilaya de Biskra y compris l\u2019\u00e9tablissement de la carte num\u00e9rique Par l&#8217;Utilisation du syst\u00e8me d\u2019information g\u00e9ographique SIG SARL BEVRD BOURAOUI \u00a9 2021\u200b\u200b<\/p>\n","protected":false},"author":1,"featured_media":0,"parent":0,"menu_order":0,"comment_status":"closed","ping_status":"closed","template":"","meta":{"footnotes":""},"class_list":["post-110","page","type-page","status-publish","hentry"],"_links":{"self":[{"href":"https:\/\/gaeu.bevrd.dz\/index.php?rest_route=\/wp\/v2\/pages\/110","targetHints":{"allow":["GET"]}}],"collection":[{"href":"https:\/\/gaeu.bevrd.dz\/index.php?rest_route=\/wp\/v2\/pages"}],"about":[{"href":"https:\/\/gaeu.bevrd.dz\/index.php?rest_route=\/wp\/v2\/types\/page"}],"author":[{"embeddable":true,"href":"https:\/\/gaeu.bevrd.dz\/index.php?rest_route=\/wp\/v2\/users\/1"}],"replies":[{"embeddable":true,"href":"https:\/\/gaeu.bevrd.dz\/index.php?rest_route=%2Fwp%2Fv2%2Fcomments&post=110"}],"version-history":[{"count":15,"href":"https:\/\/gaeu.bevrd.dz\/index.php?rest_route=\/wp\/v2\/pages\/110\/revisions"}],"predecessor-version":[{"id":869,"href":"https:\/\/gaeu.bevrd.dz\/index.php?rest_route=\/wp\/v2\/pages\/110\/revisions\/869"}],"wp:attachment":[{"href":"https:\/\/gaeu.bevrd.dz\/index.php?rest_route=%2Fwp%2Fv2%2Fmedia&parent=110"}],"curies":[{"name":"wp","href":"https:\/\/api.w.org\/{rel}","templated":true}]}}